{"id":16,"date":"2025-12-12T06:39:55","date_gmt":"2025-12-12T06:39:55","guid":{"rendered":"https:\/\/www.sarvatobhadra.com\/french\/?page_id=16"},"modified":"2025-12-25T10:48:21","modified_gmt":"2025-12-25T10:48:21","slug":"mr-dave-gaurav","status":"publish","type":"page","link":"https:\/\/www.sarvatobhadra.com\/french\/mr-dave-gaurav\/","title":{"rendered":"Mr. DAVE Gaurav"},"content":{"rendered":"<h1 data-start=\"276\" data-end=\"337\">Gaurav Dave \u2013 Astrologue v\u00e9dique &amp; enseignant en Jyotish<\/h1>\n<h2 data-start=\"338\" data-end=\"423\"><strong data-start=\"338\" data-end=\"423\">Expert en astrologie v\u00e9dique traditionnelle | Consultations &amp; formations en ligne<\/strong><\/h2>\n<p data-start=\"425\" data-end=\"789\">Gaurav Dave est un astrologue v\u00e9dique reconnu et enseignant en Jyotish, b\u00e9n\u00e9ficiant de plus de <strong data-start=\"520\" data-end=\"543\">25 ans d\u2019exp\u00e9rience<\/strong> dans l\u2019\u00e9tude et la pratique de l\u2019astrologie v\u00e9dique traditionnelle. Il accompagne aujourd\u2019hui des clients et des \u00e9tudiants en France, en Europe et \u00e0 l\u2019international, avec une approche \u00e0 la fois <strong data-start=\"738\" data-end=\"788\">rigoureuse, structur\u00e9e et profond\u00e9ment humaine<\/strong>.<\/p>\n<p data-start=\"791\" data-end=\"1008\">Son expertise permet d\u2019apporter une compr\u00e9hension claire du <strong data-start=\"851\" data-end=\"873\">th\u00e8me de naissance<\/strong>, des cycles de vie et des orientations karmiques, afin d\u2019aider chacun \u00e0 prendre des d\u00e9cisions \u00e9clair\u00e9es avec s\u00e9r\u00e9nit\u00e9 et discernement.<\/p>\n<hr data-start=\"1010\" data-end=\"1013\" \/>\n<h2 data-start=\"1015\" data-end=\"1075\">Une tradition authentique, transmise de ma\u00eetre \u00e0 disciple<\/h2>\n<p data-start=\"1077\" data-end=\"1439\">Issu d\u2019une famille brahmane traditionnelle du Rajasthan (Inde), d\u00e9di\u00e9e au culte du <a href=\"https:\/\/en.wikipedia.org\/wiki\/Bhrigu\" target=\"_blank\" rel=\"noopener\"><strong data-start=\"1160\" data-end=\"1180\">Maharishi Bhrigu<\/strong><\/a>, Gaurav Dave s\u2019inscrit dans une lign\u00e9e spirituelle ancienne. Il a d\u00e9but\u00e9 son apprentissage du Jyotish en 1999 sous la guidance de son ma\u00eetre, <strong data-start=\"1323\" data-end=\"1353\">Shri Krishna Kumar Brijesh<\/strong>, ancien responsable du d\u00e9partement d\u2019astrologie v\u00e9dique de l\u2019Universit\u00e9 du Rajasthan, Inde.<\/p>\n<p data-start=\"1441\" data-end=\"1732\">Au fil des ann\u00e9es, il a \u00e9tudi\u00e9 et appliqu\u00e9 les enseignements des grands sages v\u00e9diques tels que <strong data-start=\"1537\" data-end=\"1635\">Maharishi Parashara, Maharishi Jaimini, Maharishi Bhrigu, Devrishi Narada, Shri Varaha Mihira, Shri Kalyana Varma<\/strong>, et bien d\u2019autres, en respectant strictement les textes classiques et leurs principes originels.<\/p>\n<hr data-start=\"1734\" data-end=\"1737\" \/>\n<h2 data-start=\"1739\" data-end=\"1812\">Une approche rare : tradition v\u00e9dique et excellence acad\u00e9mique moderne<\/h2>\n<p data-start=\"1814\" data-end=\"2010\">Ce qui distingue Gaurav Dave est sa capacit\u00e9 unique \u00e0 relier la <strong data-start=\"1878\" data-end=\"1910\">sagesse ancestrale de l\u2019Inde<\/strong> \u00e0 une <strong data-start=\"1917\" data-end=\"1946\">pens\u00e9e analytique moderne<\/strong>, particuli\u00e8rement appr\u00e9ci\u00e9e par le public fran\u00e7ais et europ\u00e9en.<\/p>\n<p data-start=\"2012\" data-end=\"2028\">Il est dipl\u00f4m\u00e9 :<\/p>\n<ul data-start=\"2029\" data-end=\"2265\">\n<li data-start=\"2029\" data-end=\"2136\">\n<p data-start=\"2031\" data-end=\"2136\"><strong data-start=\"2031\" data-end=\"2069\">Ing\u00e9nieur (B.Tech.) \u2013 <a href=\"https:\/\/iitbhu.ac.in\/\" target=\"_blank\" rel=\"noopener\">IIT Varanasi<\/a><\/strong>, l\u2019une des institutions techniques les plus prestigieuses d\u2019Inde<\/p>\n<\/li>\n<li data-start=\"2137\" data-end=\"2178\">\n<p data-start=\"2139\" data-end=\"2178\"><strong data-start=\"2139\" data-end=\"2176\">Master en Marketing \u2013 <a href=\"https:\/\/www.iae-france.fr\/\" target=\"_blank\" rel=\"noopener\">IAE, France<\/a><\/strong><\/p>\n<\/li>\n<li data-start=\"2179\" data-end=\"2265\">\n<p data-start=\"2181\" data-end=\"2265\">Certifications professionnelles en <strong data-start=\"2216\" data-end=\"2230\">gemmologie<\/strong> :<a href=\"https:\/\/www.igitl.com\/\" target=\"_blank\" rel=\"noopener\"> IGITL (Inde)<\/a> et <a href=\"https:\/\/www.gia.edu\/\" target=\"_blank\" rel=\"noopener\">GIA (\u00c9tats-Unis)<\/a><\/p>\n<\/li>\n<\/ul>\n<p data-start=\"2267\" data-end=\"2455\">Cette double formation lui permet d\u2019expliquer l\u2019astrologie v\u00e9dique de mani\u00e8re <strong data-start=\"2345\" data-end=\"2382\">logique, structur\u00e9e et accessible<\/strong>, sans mysticisme excessif, tout en conservant sa profondeur spirituelle.<\/p>\n<hr data-start=\"2457\" data-end=\"2460\" \/>\n<h2 data-start=\"2462\" data-end=\"2537\">Consultations en astrologie v\u00e9dique : clart\u00e9, pr\u00e9cision et bienveillance<\/h2>\n<p data-start=\"2539\" data-end=\"2639\">Gaurav Dave propose des <strong data-start=\"2563\" data-end=\"2627\">consultations personnalis\u00e9es en astrologie v\u00e9dique (Jyotish)<\/strong>, incluant :<\/p>\n<ul data-start=\"2640\" data-end=\"2988\">\n<li data-start=\"2640\" data-end=\"2685\">\n<p data-start=\"2642\" data-end=\"2685\">Analyse approfondie du th\u00e8me de naissance<\/p>\n<\/li>\n<li data-start=\"2686\" data-end=\"2735\">\n<p data-start=\"2688\" data-end=\"2735\">Rectification pr\u00e9cise de l\u2019heure de naissance<\/p>\n<\/li>\n<li data-start=\"2736\" data-end=\"2779\">\n<p data-start=\"2738\" data-end=\"2779\">Orientation professionnelle et carri\u00e8re<\/p>\n<\/li>\n<li data-start=\"2780\" data-end=\"2814\">\n<p data-start=\"2782\" data-end=\"2814\">\u00c9tudes, entreprise et finances<\/p>\n<\/li>\n<li data-start=\"2815\" data-end=\"2854\">\n<p data-start=\"2817\" data-end=\"2854\">Mariage, relations et vie familiale<\/p>\n<\/li>\n<li data-start=\"2855\" data-end=\"2884\">\n<p data-start=\"2857\" data-end=\"2884\">Sant\u00e9 et \u00e9quilibre de vie<\/p>\n<\/li>\n<li data-start=\"2885\" data-end=\"2928\">\n<p data-start=\"2887\" data-end=\"2928\">Choix de dates favorables (<strong data-start=\"2914\" data-end=\"2925\">Muhurta<\/strong>)<\/p>\n<\/li>\n<li data-start=\"2929\" data-end=\"2988\">\n<p data-start=\"2931\" data-end=\"2988\">Rem\u00e8des v\u00e9diques et recommandations en pierres pr\u00e9cieuses<\/p>\n<\/li>\n<\/ul>\n<p data-start=\"2990\" data-end=\"3183\">Sa m\u00e9thode est <strong data-start=\"3005\" data-end=\"3048\">structur\u00e9e, pragmatique et respectueuse<\/strong>, particuli\u00e8rement appr\u00e9ci\u00e9e par les personnes recherchant une astrologie s\u00e9rieuse, coh\u00e9rente et orient\u00e9e vers des solutions concr\u00e8tes.<\/p>\n<p data-start=\"3185\" data-end=\"3367\">Les consultations sont souvent d\u00e9crites comme <strong data-start=\"3231\" data-end=\"3276\">claires, r\u00e9v\u00e9latrices et transformatrices<\/strong>, gr\u00e2ce \u00e0 sa capacit\u00e9 \u00e0 expliquer les m\u00e9canismes astrologiques avec p\u00e9dagogie et honn\u00eatet\u00e9.<\/p>\n<p data-start=\"3369\" data-end=\"3408\">\ud83d\udc49 <strong data-start=\"3372\" data-end=\"3408\">Voir les t\u00e9moignages des clients<\/strong><\/p>\n<hr data-start=\"3410\" data-end=\"3413\" \/>\n<h2 data-start=\"3415\" data-end=\"3482\">Enseignement du Jyotish : une formation structur\u00e9e et accessible<\/h2>\n<p data-start=\"3484\" data-end=\"3639\">En tant qu\u2019enseignant, Gaurav Dave est reconnu pour son <strong data-start=\"3540\" data-end=\"3579\">cours en ligne d\u2019astrologie v\u00e9dique<\/strong>, con\u00e7u pour les d\u00e9butants comme pour les \u00e9tudiants avanc\u00e9s.<\/p>\n<p data-start=\"3641\" data-end=\"3664\">La formation comprend :<\/p>\n<ul data-start=\"3665\" data-end=\"3867\">\n<li data-start=\"3665\" data-end=\"3698\">\n<p data-start=\"3667\" data-end=\"3698\">Le\u00e7ons vid\u00e9o professionnelles<\/p>\n<\/li>\n<li data-start=\"3699\" data-end=\"3738\">\n<p data-start=\"3701\" data-end=\"3738\">P\u00e9dagogie progressive et structur\u00e9e<\/p>\n<\/li>\n<li data-start=\"3739\" data-end=\"3785\">\n<p data-start=\"3741\" data-end=\"3785\">Explications claires de concepts complexes<\/p>\n<\/li>\n<li data-start=\"3786\" data-end=\"3829\">\n<p data-start=\"3788\" data-end=\"3829\">Respect fid\u00e8le des textes traditionnels<\/p>\n<\/li>\n<li data-start=\"3830\" data-end=\"3867\">\n<p data-start=\"3832\" data-end=\"3867\">Accompagnement et guidance continue<\/p>\n<\/li>\n<\/ul>\n<p data-start=\"3869\" data-end=\"4035\">Ses \u00e9tudiants \u00e0 travers le monde soulignent sa <strong data-start=\"3916\" data-end=\"3938\">clart\u00e9 p\u00e9dagogique<\/strong>, sa patience et sa capacit\u00e9 \u00e0 transmettre un savoir profond de mani\u00e8re simple et compr\u00e9hensible.<\/p>\n<p data-start=\"4037\" data-end=\"4132\">\ud83d\udc49 <strong data-start=\"4040\" data-end=\"4078\">Voir les t\u00e9moignages des \u00e9tudiants<\/strong><br data-start=\"4078\" data-end=\"4081\" \/>\ud83d\udc49 <strong data-start=\"4084\" data-end=\"4132\">Acc\u00e9der aux cours et le\u00e7ons vid\u00e9o de Jyotish<\/strong><\/p>\n<hr data-start=\"4134\" data-end=\"4137\" \/>\n<h2 data-start=\"4139\" data-end=\"4185\">Une philosophie de vie profond\u00e9ment humaine<\/h2>\n<p data-start=\"4187\" data-end=\"4536\">Humble, bienveillant et profond\u00e9ment engag\u00e9, Gaurav Dave consid\u00e8re l\u2019astrologie comme un <strong data-start=\"4276\" data-end=\"4332\">outil de conscience et de responsabilit\u00e9 personnelle<\/strong>. Il croit fermement que la combinaison de <strong data-start=\"4375\" data-end=\"4395\">pri\u00e8res sinc\u00e8res<\/strong>, d\u2019actions justes et d\u2019efforts intelligents permet de surmonter les difficult\u00e9s et d\u2019\u00e9voluer positivement, m\u00eame dans les p\u00e9riodes complexes.<\/p>\n<p data-start=\"4538\" data-end=\"4652\">Son objectif est d\u2019aider chacun \u00e0 retrouver <strong data-start=\"4582\" data-end=\"4617\">clart\u00e9, confiance et alignement<\/strong>, en accord avec son chemin de vie.<\/p>\n<hr data-start=\"4654\" data-end=\"4657\" \/>\n<h2 data-start=\"4659\" data-end=\"4691\">Prendre rendez-vous &amp; contact<\/h2>\n<p data-start=\"4693\" data-end=\"4872\">Si vous souhaitez consulter Gaurav Dave pour une <strong data-start=\"4742\" data-end=\"4774\">lecture astrologique v\u00e9dique<\/strong>, nous vous invitons \u00e0 consulter la page :<br data-start=\"4816\" data-end=\"4819\" \/>\ud83d\udc49 <strong data-start=\"4822\" data-end=\"4872\">Processus de consultation astrologique v\u00e9dique<\/strong><\/p>\n<p data-start=\"4874\" data-end=\"4958\">Toutes les informations de contact sont disponibles sur la page <strong data-start=\"4938\" data-end=\"4949\">Contact<\/strong> du site.<\/p>\n<hr data-start=\"4960\" data-end=\"4963\" \/>\n<h2 data-start=\"4965\" data-end=\"4997\">Se connecter avec Gaurav Dave<\/h2>\n<ul data-start=\"4999\" data-end=\"5130\">\n<li data-start=\"4999\" data-end=\"5015\">\n<p data-start=\"5001\" data-end=\"5015\"><a href=\"https:\/\/linktr.ee\/gauravdave\" target=\"_blank\" rel=\"noopener\"><strong data-start=\"5001\" data-end=\"5013\"><span dir=\"auto\" style=\"vertical-align: inherit;\">Linktree<\/span><\/strong><\/a><\/p>\n<\/li>\n<li data-start=\"5016\" data-end=\"5032\">\n<p data-start=\"5018\" data-end=\"5032\"><a href=\"https:\/\/gravatar.com\/noisily619e2d65e4\" target=\"_blank\" rel=\"noopener\"><strong data-start=\"5018\" data-end=\"5030\"><span dir=\"auto\" style=\"vertical-align: inherit;\">Gravatar<\/span><\/strong><\/a><\/p>\n<\/li>\n<li data-start=\"5033\" data-end=\"5063\">\n<p data-start=\"5035\" data-end=\"5063\"><a href=\"https:\/\/www.google.com\/maps\/place\/Gaurav+Dave,+Astrologer+and+Jyotish+Teacher.+IIT+Engineer,+MBA+France.\/@26.8979972,75.735586,17z\/data=!3m1!4b1!4m6!3m5!1s0x396db5355c5a6d33:0x9fa0b4c3bbf159db!8m2!3d26.8979972!4d75.735586!16s%2Fg%2F11s2m041c9?entry=ttu&amp;g_ep=EgoyMDI1MTIwOS4wIKXMDSoASAFQAw%3D%3D\" target=\"_blank\" rel=\"noopener\"><strong data-start=\"5035\" data-end=\"5061\"><span dir=\"auto\" style=\"vertical-align: inherit;\">Google Business \u2013 India<\/span><\/strong><\/a><\/p>\n<\/li>\n<li data-start=\"5064\" data-end=\"5096\">\n<p data-start=\"5066\" data-end=\"5096\"><a href=\"https:\/\/www.google.com\/maps\/place\/Vedic+Astrologer+and+Jyotish+Teacher\/@43.5911367,7.0981654,17z\/data=!3m1!4b1!4m6!3m5!1s0x12ce7ff58f918e05:0x26943a5f180a1c5!8m2!3d43.5911367!4d7.0981654!16s%2Fg%2F1hhw70y7t?entry=ttu&amp;g_ep=EgoyMDI1MTIwOS4wIKXMDSoASAFQAw%3D%3D\" target=\"_blank\" rel=\"noopener\"><strong data-start=\"5066\" data-end=\"5094\"><span dir=\"auto\" style=\"vertical-align: inherit;\">Google Business \u2013 France<\/span><\/strong><\/a><\/p>\n<\/li>\n<li data-start=\"5097\" data-end=\"5114\">\n<p data-start=\"5099\" data-end=\"5114\"><a href=\"https:\/\/www.superprof.fr\/vedic-astrologer-and-teacher-with-over-years-experience-learning-practicing-and-researching-the-sacred-knowledge-jyotish.html\" target=\"_blank\" rel=\"noopener\"><strong data-start=\"5099\" data-end=\"5112\"><span dir=\"auto\" style=\"vertical-align: inherit;\">Superprof<\/span><\/strong><\/a><\/p>\n<\/li>\n<li data-start=\"5115\" data-end=\"5130\">\n<p data-start=\"5117\" data-end=\"5130\"><a href=\"https:\/\/www.apprentus.com\/en\/private-lessons\/antibes\/education-trainings\/astrology\/master-vedic-astrology-jyotish-confidence\" target=\"_blank\" rel=\"noopener\"><strong data-start=\"5117\" data-end=\"5130\"><span dir=\"auto\" style=\"vertical-align: inherit;\">Apprentices<\/span><\/strong><\/a><\/p>\n<\/li>\n<\/ul>\n","protected":false},"excerpt":{"rendered":"<p>Gaurav Dave \u2013 Astrologue v\u00e9dique &amp; enseignant en Jyotish Expert en astrologie v\u00e9dique traditionnelle | Consultations &amp; formations en ligne Gaurav Dave est un astrologue v\u00e9dique reconnu et enseignant en Jyotish, b\u00e9n\u00e9ficiant de plus de 25 ans d\u2019exp\u00e9rience dans l\u2019\u00e9tude et la pratique de l\u2019astrologie v\u00e9dique traditionnelle. Il accompagne aujourd\u2019hui des clients et des \u00e9tudiants [&hellip;]<\/p>\n","protected":false},"author":1,"featured_media":73,"parent":0,"menu_order":0,"comment_status":"closed","ping_status":"closed","template":"","meta":{"footnotes":""},"class_list":["post-16","page","type-page","status-publish","has-post-thumbnail","hentry"],"yoast_head":"<!-- This site is optimized with the Yoast SEO Premium plugin v23.3 (Yoast SEO v23.8) - https:\/\/yoast.com\/wordpress\/plugins\/seo\/ -->\n<title>Mr. DAVE Gaurav - Sarvato Bhadra<\/title>\n<meta name=\"robots\" content=\"index, follow, max-snippet:-1, max-image-preview:large, max-video-preview:-1\" \/>\n<link rel=\"canonical\" href=\"https:\/\/www.sarvatobhadra.com\/french\/mr-dave-gaurav\/\" \/>\n<meta property=\"og:locale\" content=\"en_US\" \/>\n<meta property=\"og:type\" content=\"article\" \/>\n<meta property=\"og:title\" content=\"Mr. DAVE Gaurav\" \/>\n<meta property=\"og:description\" content=\"Gaurav Dave \u2013 Astrologue v\u00e9dique &amp; enseignant en Jyotish Expert en astrologie v\u00e9dique traditionnelle | Consultations &amp; formations en ligne Gaurav Dave est un astrologue v\u00e9dique reconnu et enseignant en Jyotish, b\u00e9n\u00e9ficiant de plus de 25 ans d\u2019exp\u00e9rience dans l\u2019\u00e9tude et la pratique de l\u2019astrologie v\u00e9dique traditionnelle. Il accompagne aujourd\u2019hui des clients et des \u00e9tudiants [&hellip;]\" \/>\n<meta property=\"og:url\" content=\"https:\/\/www.sarvatobhadra.com\/french\/mr-dave-gaurav\/\" \/>\n<meta property=\"og:site_name\" content=\"Sarvato Bhadra\" \/>\n<meta property=\"article:modified_time\" content=\"2025-12-25T10:48:21+00:00\" \/>\n<meta property=\"og:image\" content=\"https:\/\/www.sarvatobhadra.com\/french\/wp-content\/uploads\/2025\/12\/Gaurav-DAVE-Astrologue-Jyotish-.jpg\" \/>\n\t<meta property=\"og:image:width\" content=\"600\" \/>\n\t<meta property=\"og:image:height\" content=\"896\" \/>\n\t<meta property=\"og:image:type\" content=\"image\/jpeg\" \/>\n<meta name=\"twitter:card\" content=\"summary_large_image\" \/>\n<meta name=\"twitter:label1\" content=\"Est. reading time\" \/>\n\t<meta name=\"twitter:data1\" content=\"4 minutes\" \/>\n<script type=\"application\/ld+json\" class=\"yoast-schema-graph\">{\"@context\":\"https:\/\/schema.org\",\"@graph\":[{\"@type\":\"WebPage\",\"@id\":\"https:\/\/www.sarvatobhadra.com\/french\/mr-dave-gaurav\/\",\"url\":\"https:\/\/www.sarvatobhadra.com\/french\/mr-dave-gaurav\/\",\"name\":\"Mr. DAVE Gaurav - Sarvato Bhadra\",\"isPartOf\":{\"@id\":\"https:\/\/www.sarvatobhadra.com\/french\/#website\"},\"primaryImageOfPage\":{\"@id\":\"https:\/\/www.sarvatobhadra.com\/french\/mr-dave-gaurav\/#primaryimage\"},\"image\":{\"@id\":\"https:\/\/www.sarvatobhadra.com\/french\/mr-dave-gaurav\/#primaryimage\"},\"thumbnailUrl\":\"https:\/\/www.sarvatobhadra.com\/french\/wp-content\/uploads\/2025\/12\/Gaurav-DAVE-Astrologue-Jyotish-.jpg\",\"datePublished\":\"2025-12-12T06:39:55+00:00\",\"dateModified\":\"2025-12-25T10:48:21+00:00\",\"breadcrumb\":{\"@id\":\"https:\/\/www.sarvatobhadra.com\/french\/mr-dave-gaurav\/#breadcrumb\"},\"inLanguage\":\"en-US\",\"potentialAction\":[{\"@type\":\"ReadAction\",\"target\":[\"https:\/\/www.sarvatobhadra.com\/french\/mr-dave-gaurav\/\"]}]},{\"@type\":\"ImageObject\",\"inLanguage\":\"en-US\",\"@id\":\"https:\/\/www.sarvatobhadra.com\/french\/mr-dave-gaurav\/#primaryimage\",\"url\":\"https:\/\/www.sarvatobhadra.com\/french\/wp-content\/uploads\/2025\/12\/Gaurav-DAVE-Astrologue-Jyotish-.jpg\",\"contentUrl\":\"https:\/\/www.sarvatobhadra.com\/french\/wp-content\/uploads\/2025\/12\/Gaurav-DAVE-Astrologue-Jyotish-.jpg\",\"width\":600,\"height\":896,\"caption\":\"Gaurav DAVE: Astrologue v\u00e9dique & enseignant en Jyotish\"},{\"@type\":\"BreadcrumbList\",\"@id\":\"https:\/\/www.sarvatobhadra.com\/french\/mr-dave-gaurav\/#breadcrumb\",\"itemListElement\":[{\"@type\":\"ListItem\",\"position\":1,\"name\":\"Home\",\"item\":\"https:\/\/www.sarvatobhadra.com\/french\/\"},{\"@type\":\"ListItem\",\"position\":2,\"name\":\"Mr. DAVE Gaurav\"}]},{\"@type\":\"WebSite\",\"@id\":\"https:\/\/www.sarvatobhadra.com\/french\/#website\",\"url\":\"https:\/\/www.sarvatobhadra.com\/french\/\",\"name\":\"Sarvato Bhadra\",\"description\":\"\",\"potentialAction\":[{\"@type\":\"SearchAction\",\"target\":{\"@type\":\"EntryPoint\",\"urlTemplate\":\"https:\/\/www.sarvatobhadra.com\/french\/?s={search_term_string}\"},\"query-input\":{\"@type\":\"PropertyValueSpecification\",\"valueRequired\":true,\"valueName\":\"search_term_string\"}}],\"inLanguage\":\"en-US\"}]}<\/script>\n<!-- \/ Yoast SEO Premium plugin. -->","yoast_head_json":{"title":"Mr. DAVE Gaurav - Sarvato Bhadra","robots":{"index":"index","follow":"follow","max-snippet":"max-snippet:-1","max-image-preview":"max-image-preview:large","max-video-preview":"max-video-preview:-1"},"canonical":"https:\/\/www.sarvatobhadra.com\/french\/mr-dave-gaurav\/","og_locale":"en_US","og_type":"article","og_title":"Mr. DAVE Gaurav","og_description":"Gaurav Dave \u2013 Astrologue v\u00e9dique &amp; enseignant en Jyotish Expert en astrologie v\u00e9dique traditionnelle | Consultations &amp; formations en ligne Gaurav Dave est un astrologue v\u00e9dique reconnu et enseignant en Jyotish, b\u00e9n\u00e9ficiant de plus de 25 ans d\u2019exp\u00e9rience dans l\u2019\u00e9tude et la pratique de l\u2019astrologie v\u00e9dique traditionnelle. Il accompagne aujourd\u2019hui des clients et des \u00e9tudiants [&hellip;]","og_url":"https:\/\/www.sarvatobhadra.com\/french\/mr-dave-gaurav\/","og_site_name":"Sarvato Bhadra","article_modified_time":"2025-12-25T10:48:21+00:00","og_image":[{"width":600,"height":896,"url":"https:\/\/www.sarvatobhadra.com\/french\/wp-content\/uploads\/2025\/12\/Gaurav-DAVE-Astrologue-Jyotish-.jpg","type":"image\/jpeg"}],"twitter_card":"summary_large_image","twitter_misc":{"Est. reading time":"4 minutes"},"schema":{"@context":"https:\/\/schema.org","@graph":[{"@type":"WebPage","@id":"https:\/\/www.sarvatobhadra.com\/french\/mr-dave-gaurav\/","url":"https:\/\/www.sarvatobhadra.com\/french\/mr-dave-gaurav\/","name":"Mr. DAVE Gaurav - Sarvato Bhadra","isPartOf":{"@id":"https:\/\/www.sarvatobhadra.com\/french\/#website"},"primaryImageOfPage":{"@id":"https:\/\/www.sarvatobhadra.com\/french\/mr-dave-gaurav\/#primaryimage"},"image":{"@id":"https:\/\/www.sarvatobhadra.com\/french\/mr-dave-gaurav\/#primaryimage"},"thumbnailUrl":"https:\/\/www.sarvatobhadra.com\/french\/wp-content\/uploads\/2025\/12\/Gaurav-DAVE-Astrologue-Jyotish-.jpg","datePublished":"2025-12-12T06:39:55+00:00","dateModified":"2025-12-25T10:48:21+00:00","breadcrumb":{"@id":"https:\/\/www.sarvatobhadra.com\/french\/mr-dave-gaurav\/#breadcrumb"},"inLanguage":"en-US","potentialAction":[{"@type":"ReadAction","target":["https:\/\/www.sarvatobhadra.com\/french\/mr-dave-gaurav\/"]}]},{"@type":"ImageObject","inLanguage":"en-US","@id":"https:\/\/www.sarvatobhadra.com\/french\/mr-dave-gaurav\/#primaryimage","url":"https:\/\/www.sarvatobhadra.com\/french\/wp-content\/uploads\/2025\/12\/Gaurav-DAVE-Astrologue-Jyotish-.jpg","contentUrl":"https:\/\/www.sarvatobhadra.com\/french\/wp-content\/uploads\/2025\/12\/Gaurav-DAVE-Astrologue-Jyotish-.jpg","width":600,"height":896,"caption":"Gaurav DAVE: Astrologue v\u00e9dique & enseignant en Jyotish"},{"@type":"BreadcrumbList","@id":"https:\/\/www.sarvatobhadra.com\/french\/mr-dave-gaurav\/#breadcrumb","itemListElement":[{"@type":"ListItem","position":1,"name":"Home","item":"https:\/\/www.sarvatobhadra.com\/french\/"},{"@type":"ListItem","position":2,"name":"Mr. DAVE Gaurav"}]},{"@type":"WebSite","@id":"https:\/\/www.sarvatobhadra.com\/french\/#website","url":"https:\/\/www.sarvatobhadra.com\/french\/","name":"Sarvato Bhadra","description":"","potentialAction":[{"@type":"SearchAction","target":{"@type":"EntryPoint","urlTemplate":"https:\/\/www.sarvatobhadra.com\/french\/?s={search_term_string}"},"query-input":{"@type":"PropertyValueSpecification","valueRequired":true,"valueName":"search_term_string"}}],"inLanguage":"en-US"}]}},"_links":{"self":[{"href":"https:\/\/www.sarvatobhadra.com\/french\/wp-json\/wp\/v2\/pages\/16","targetHints":{"allow":["GET"]}}],"collection":[{"href":"https:\/\/www.sarvatobhadra.com\/french\/wp-json\/wp\/v2\/pages"}],"about":[{"href":"https:\/\/www.sarvatobhadra.com\/french\/wp-json\/wp\/v2\/types\/page"}],"author":[{"embeddable":true,"href":"https:\/\/www.sarvatobhadra.com\/french\/wp-json\/wp\/v2\/users\/1"}],"replies":[{"embeddable":true,"href":"https:\/\/www.sarvatobhadra.com\/french\/wp-json\/wp\/v2\/comments?post=16"}],"version-history":[{"count":13,"href":"https:\/\/www.sarvatobhadra.com\/french\/wp-json\/wp\/v2\/pages\/16\/revisions"}],"predecessor-version":[{"id":37,"href":"https:\/\/www.sarvatobhadra.com\/french\/wp-json\/wp\/v2\/pages\/16\/revisions\/37"}],"wp:featuredmedia":[{"embeddable":true,"href":"https:\/\/www.sarvatobhadra.com\/french\/wp-json\/wp\/v2\/media\/73"}],"wp:attachment":[{"href":"https:\/\/www.sarvatobhadra.com\/french\/wp-json\/wp\/v2\/media?parent=16"}],"curies":[{"name":"wp","href":"https:\/\/api.w.org\/{rel}","templated":true}]}}