{"id":57,"date":"2025-12-25T10:30:27","date_gmt":"2025-12-25T10:30:27","guid":{"rendered":"https:\/\/www.sarvatobhadra.com\/french\/?page_id=57"},"modified":"2025-12-25T10:48:05","modified_gmt":"2025-12-25T10:48:05","slug":"contactez-nous","status":"publish","type":"page","link":"https:\/\/www.sarvatobhadra.com\/french\/contactez-nous\/","title":{"rendered":"Contactez-nous"},"content":{"rendered":"<h2 data-start=\"276\" data-end=\"337\">Gaurav Dave, Astrologue v\u00e9dique &amp; enseignant en Jyotish<\/h2>\n<h2 data-start=\"338\" data-end=\"423\"><strong data-start=\"338\" data-end=\"423\">Expert en astrologie v\u00e9dique traditionnelle | Consultations &amp; formations en ligne<\/strong><\/h2>\n<p data-start=\"425\" data-end=\"789\">Gaurav Dave est un astrologue v\u00e9dique reconnu et enseignant en Jyotish, b\u00e9n\u00e9ficiant de plus de\u00a0<strong data-start=\"520\" data-end=\"543\">25 ans d\u2019exp\u00e9rience<\/strong>\u00a0dans l\u2019\u00e9tude et la pratique de l\u2019astrologie v\u00e9dique traditionnelle. Il accompagne aujourd\u2019hui des clients et des \u00e9tudiants en France, en Europe et \u00e0 l\u2019international, avec une approche \u00e0 la fois\u00a0<strong data-start=\"738\" data-end=\"788\">rigoureuse, structur\u00e9e et profond\u00e9ment humaine<\/strong>.<\/p>\n<p data-start=\"791\" data-end=\"1008\">Son expertise permet d\u2019apporter une compr\u00e9hension claire du\u00a0<strong data-start=\"851\" data-end=\"873\">th\u00e8me de naissance<\/strong>, des cycles de vie et des orientations karmiques, afin d\u2019aider chacun \u00e0 prendre des d\u00e9cisions \u00e9clair\u00e9es avec s\u00e9r\u00e9nit\u00e9 et discernement.<\/p>\n<h2 data-start=\"984\" data-end=\"1037\">Consultation Jyotish en cabinet \u00e0 Antibes (France)<\/h2>\n<h2 data-start=\"1654\" data-end=\"1725\">Consultation en astrologie v\u00e9dique en ligne \u2013 T\u00e9l\u00e9phone, Vid\u00e9o, Chat<\/h2>\n<p>Les Grands Logis: B\u00e2timent B<\/p>\n<p>390, Chemin des Ames du Purgatoire<\/p>\n<p>06600, Antibes, FRANCE<\/p>\n<p><strong>Mobile France<\/strong>\u00a0: +33-6.25.75.01.52<\/p>\n<p><strong>WhatsApp, Telegram, <\/strong>\u00a0: +33625750152<\/p>\n<p><strong>Email:<\/strong>\u00a0<a href=\"mailto:gauravdave.gdave@gmail.com\">gauravdave.gdave@gmail.com<\/a><\/p>\n<p><a href=\"https:\/\/maps.apple.com\/place?_ext=CjkKBAgEEHoKBAgFEAMKBQgGELEBCgQIChAACgQIUhAECgQIVRAACgQIWRAGCgUIpAEQAQoFCMEBEAMSJimQ1VLlIMtFQDEb54BueV4cQDnh8N1BR8xFQEFUZL7NLGscQFAE&amp;place-id=I4FEE0CDF049CA34C&amp;address=390+Chemin+des+%C3%82mes+du+Purgatoire%2C+06600+Antibes%2C+France&amp;coordinate=43.5914331%2C7.0984616&amp;name=Sarvato+Bhadra&amp;_provider=9902\" target=\"_blank\" rel=\"noopener\"><strong>Voir sur Apple Plans<\/strong><\/a><\/p>\n<p><a href=\"https:\/\/www.google.com\/maps\/place\/Vedic+Astrologer+and+Jyotish+Teacher\/@43.5911367,7.0981654,17z\/data=!3m1!4b1!4m6!3m5!1s0x12ce7ff58f918e05:0x26943a5f180a1c5!8m2!3d43.5911367!4d7.0981654!16s%2Fg%2F1hhw70y7t?entry=ttu&amp;g_ep=EgoyMDI1MTIwOS4wIKXMDSoASAFQAw%3D%3D\" target=\"_blank\" rel=\"noopener\"><strong>Voir le profil de l\u2019entreprise et l\u2019itin\u00e9raire sur Google Maps<\/strong><\/a><\/p>\n<p>SIRET number: 788 622 926 00020<\/p>\n","protected":false},"excerpt":{"rendered":"<p>Gaurav Dave, Astrologue v\u00e9dique &amp; enseignant en Jyotish Expert en astrologie v\u00e9dique traditionnelle | Consultations &amp; formations en ligne Gaurav Dave est un astrologue v\u00e9dique reconnu et enseignant en Jyotish, b\u00e9n\u00e9ficiant de plus de\u00a025 ans d\u2019exp\u00e9rience\u00a0dans l\u2019\u00e9tude et la pratique de l\u2019astrologie v\u00e9dique traditionnelle. Il accompagne aujourd\u2019hui des clients et des \u00e9tudiants en France, en [&hellip;]<\/p>\n","protected":false},"author":1,"featured_media":0,"parent":0,"menu_order":0,"comment_status":"closed","ping_status":"closed","template":"","meta":{"footnotes":""},"class_list":["post-57","page","type-page","status-publish","hentry"],"yoast_head":"<!-- This site is optimized with the Yoast SEO Premium plugin v23.3 (Yoast SEO v23.8) - https:\/\/yoast.com\/wordpress\/plugins\/seo\/ -->\n<title>Contactez-nous - Sarvato Bhadra<\/title>\n<meta name=\"robots\" content=\"index, follow, max-snippet:-1, max-image-preview:large, max-video-preview:-1\" \/>\n<link rel=\"canonical\" href=\"https:\/\/www.sarvatobhadra.com\/french\/contactez-nous\/\" \/>\n<meta property=\"og:locale\" content=\"en_US\" \/>\n<meta property=\"og:type\" content=\"article\" \/>\n<meta property=\"og:title\" content=\"Contactez-nous\" \/>\n<meta property=\"og:description\" content=\"Gaurav Dave, Astrologue v\u00e9dique &amp; enseignant en Jyotish Expert en astrologie v\u00e9dique traditionnelle | Consultations &amp; formations en ligne Gaurav Dave est un astrologue v\u00e9dique reconnu et enseignant en Jyotish, b\u00e9n\u00e9ficiant de plus de\u00a025 ans d\u2019exp\u00e9rience\u00a0dans l\u2019\u00e9tude et la pratique de l\u2019astrologie v\u00e9dique traditionnelle. Il accompagne aujourd\u2019hui des clients et des \u00e9tudiants en France, en [&hellip;]\" \/>\n<meta property=\"og:url\" content=\"https:\/\/www.sarvatobhadra.com\/french\/contactez-nous\/\" \/>\n<meta property=\"og:site_name\" content=\"Sarvato Bhadra\" \/>\n<meta property=\"article:modified_time\" content=\"2025-12-25T10:48:05+00:00\" \/>\n<meta name=\"twitter:card\" content=\"summary_large_image\" \/>\n<meta name=\"twitter:label1\" content=\"Est. reading time\" \/>\n\t<meta name=\"twitter:data1\" content=\"1 minute\" \/>\n<script type=\"application\/ld+json\" class=\"yoast-schema-graph\">{\"@context\":\"https:\/\/schema.org\",\"@graph\":[{\"@type\":\"WebPage\",\"@id\":\"https:\/\/www.sarvatobhadra.com\/french\/contactez-nous\/\",\"url\":\"https:\/\/www.sarvatobhadra.com\/french\/contactez-nous\/\",\"name\":\"Contactez-nous - Sarvato Bhadra\",\"isPartOf\":{\"@id\":\"https:\/\/www.sarvatobhadra.com\/french\/#website\"},\"datePublished\":\"2025-12-25T10:30:27+00:00\",\"dateModified\":\"2025-12-25T10:48:05+00:00\",\"breadcrumb\":{\"@id\":\"https:\/\/www.sarvatobhadra.com\/french\/contactez-nous\/#breadcrumb\"},\"inLanguage\":\"en-US\",\"potentialAction\":[{\"@type\":\"ReadAction\",\"target\":[\"https:\/\/www.sarvatobhadra.com\/french\/contactez-nous\/\"]}]},{\"@type\":\"BreadcrumbList\",\"@id\":\"https:\/\/www.sarvatobhadra.com\/french\/contactez-nous\/#breadcrumb\",\"itemListElement\":[{\"@type\":\"ListItem\",\"position\":1,\"name\":\"Home\",\"item\":\"https:\/\/www.sarvatobhadra.com\/french\/\"},{\"@type\":\"ListItem\",\"position\":2,\"name\":\"Contactez-nous\"}]},{\"@type\":\"WebSite\",\"@id\":\"https:\/\/www.sarvatobhadra.com\/french\/#website\",\"url\":\"https:\/\/www.sarvatobhadra.com\/french\/\",\"name\":\"Sarvato Bhadra\",\"description\":\"\",\"potentialAction\":[{\"@type\":\"SearchAction\",\"target\":{\"@type\":\"EntryPoint\",\"urlTemplate\":\"https:\/\/www.sarvatobhadra.com\/french\/?s={search_term_string}\"},\"query-input\":{\"@type\":\"PropertyValueSpecification\",\"valueRequired\":true,\"valueName\":\"search_term_string\"}}],\"inLanguage\":\"en-US\"}]}<\/script>\n<!-- \/ Yoast SEO Premium plugin. -->","yoast_head_json":{"title":"Contactez-nous - Sarvato Bhadra","robots":{"index":"index","follow":"follow","max-snippet":"max-snippet:-1","max-image-preview":"max-image-preview:large","max-video-preview":"max-video-preview:-1"},"canonical":"https:\/\/www.sarvatobhadra.com\/french\/contactez-nous\/","og_locale":"en_US","og_type":"article","og_title":"Contactez-nous","og_description":"Gaurav Dave, Astrologue v\u00e9dique &amp; enseignant en Jyotish Expert en astrologie v\u00e9dique traditionnelle | Consultations &amp; formations en ligne Gaurav Dave est un astrologue v\u00e9dique reconnu et enseignant en Jyotish, b\u00e9n\u00e9ficiant de plus de\u00a025 ans d\u2019exp\u00e9rience\u00a0dans l\u2019\u00e9tude et la pratique de l\u2019astrologie v\u00e9dique traditionnelle. Il accompagne aujourd\u2019hui des clients et des \u00e9tudiants en France, en [&hellip;]","og_url":"https:\/\/www.sarvatobhadra.com\/french\/contactez-nous\/","og_site_name":"Sarvato Bhadra","article_modified_time":"2025-12-25T10:48:05+00:00","twitter_card":"summary_large_image","twitter_misc":{"Est. reading time":"1 minute"},"schema":{"@context":"https:\/\/schema.org","@graph":[{"@type":"WebPage","@id":"https:\/\/www.sarvatobhadra.com\/french\/contactez-nous\/","url":"https:\/\/www.sarvatobhadra.com\/french\/contactez-nous\/","name":"Contactez-nous - Sarvato Bhadra","isPartOf":{"@id":"https:\/\/www.sarvatobhadra.com\/french\/#website"},"datePublished":"2025-12-25T10:30:27+00:00","dateModified":"2025-12-25T10:48:05+00:00","breadcrumb":{"@id":"https:\/\/www.sarvatobhadra.com\/french\/contactez-nous\/#breadcrumb"},"inLanguage":"en-US","potentialAction":[{"@type":"ReadAction","target":["https:\/\/www.sarvatobhadra.com\/french\/contactez-nous\/"]}]},{"@type":"BreadcrumbList","@id":"https:\/\/www.sarvatobhadra.com\/french\/contactez-nous\/#breadcrumb","itemListElement":[{"@type":"ListItem","position":1,"name":"Home","item":"https:\/\/www.sarvatobhadra.com\/french\/"},{"@type":"ListItem","position":2,"name":"Contactez-nous"}]},{"@type":"WebSite","@id":"https:\/\/www.sarvatobhadra.com\/french\/#website","url":"https:\/\/www.sarvatobhadra.com\/french\/","name":"Sarvato Bhadra","description":"","potentialAction":[{"@type":"SearchAction","target":{"@type":"EntryPoint","urlTemplate":"https:\/\/www.sarvatobhadra.com\/french\/?s={search_term_string}"},"query-input":{"@type":"PropertyValueSpecification","valueRequired":true,"valueName":"search_term_string"}}],"inLanguage":"en-US"}]}},"_links":{"self":[{"href":"https:\/\/www.sarvatobhadra.com\/french\/wp-json\/wp\/v2\/pages\/57","targetHints":{"allow":["GET"]}}],"collection":[{"href":"https:\/\/www.sarvatobhadra.com\/french\/wp-json\/wp\/v2\/pages"}],"about":[{"href":"https:\/\/www.sarvatobhadra.com\/french\/wp-json\/wp\/v2\/types\/page"}],"author":[{"embeddable":true,"href":"https:\/\/www.sarvatobhadra.com\/french\/wp-json\/wp\/v2\/users\/1"}],"replies":[{"embeddable":true,"href":"https:\/\/www.sarvatobhadra.com\/french\/wp-json\/wp\/v2\/comments?post=57"}],"version-history":[{"count":3,"href":"https:\/\/www.sarvatobhadra.com\/french\/wp-json\/wp\/v2\/pages\/57\/revisions"}],"predecessor-version":[{"id":71,"href":"https:\/\/www.sarvatobhadra.com\/french\/wp-json\/wp\/v2\/pages\/57\/revisions\/71"}],"wp:attachment":[{"href":"https:\/\/www.sarvatobhadra.com\/french\/wp-json\/wp\/v2\/media?parent=57"}],"curies":[{"name":"wp","href":"https:\/\/api.w.org\/{rel}","templated":true}]}}