{"id":75,"date":"2025-12-30T14:31:25","date_gmt":"2025-12-30T14:31:25","guid":{"rendered":"https:\/\/www.sarvatobhadra.com\/french\/?page_id=75"},"modified":"2026-01-02T14:26:44","modified_gmt":"2026-01-02T14:26:44","slug":"apprendre-lastrologie-vedique-en-ligne","status":"publish","type":"page","link":"https:\/\/www.sarvatobhadra.com\/french\/apprendre-lastrologie-vedique-en-ligne\/","title":{"rendered":"Apprendre l&#8217;astrologie v\u00e9dique en ligne"},"content":{"rendered":"<h1 data-start=\"155\" data-end=\"259\">Formation en astrologie v\u00e9dique (Jyotish) \u2013 Transmission authentique avec accompagnement en fran\u00e7ais<\/h1>\n<p data-start=\"261\" data-end=\"545\">Apprendre l&#8217;astrologie v\u00e9dique en ligne. La formation en Jyotish est enseign\u00e9e en <strong data-start=\"323\" data-end=\"342\">langue anglaise<\/strong>, dans le respect des textes et de la tradition indienne. Toutefois, <strong data-start=\"411\" data-end=\"509\">l\u2019accompagnement p\u00e9dagogique, les \u00e9changes et le suivi sont pleinement disponibles en fran\u00e7ais<\/strong> pour les participants francophones.<\/p>\n<p data-start=\"261\" data-end=\"545\">Que vous r\u00e9sidiez en Europe (France, Belgique, Suisse), en Afrique, en Am\u00e9rique du Nord (Canada) ou ailleurs dans le monde, vous pouvez communiquer\u00a0librement <strong data-start=\"648\" data-end=\"663\">en fran\u00e7ais<\/strong> avec <strong data-start=\"669\" data-end=\"735\"><a href=\"https:\/\/www.sarvatobhadra.com\/french\/mr-dave-gaurav\/\" target=\"_blank\" rel=\"noopener\">Gaurav Dave<\/a>, astrologue v\u00e9dique et votre enseignant en Jyotish<\/strong>, par :<\/p>\n<ul data-start=\"743\" data-end=\"896\">\n<li data-start=\"743\" data-end=\"768\">\n<p data-start=\"745\" data-end=\"768\">appels t\u00e9l\u00e9phoniques,<\/p>\n<\/li>\n<li data-start=\"769\" data-end=\"814\">\n<p data-start=\"771\" data-end=\"814\">messages \u00e9crits (SMS, WhatsApp, e-mails),<\/p>\n<\/li>\n<li data-start=\"815\" data-end=\"896\">\n<p data-start=\"817\" data-end=\"896\">\u00e9changes approfondis sur les principes, les m\u00e9thodes et la pratique du Jyotish.<\/p>\n<\/li>\n<\/ul>\n<p data-start=\"898\" data-end=\"1289\">Si vous comprenez l\u2019anglais mais que vous \u00e9prouvez des difficult\u00e9s \u00e0 <strong data-start=\"967\" data-end=\"1046\">exprimer avec pr\u00e9cision vos questions, r\u00e9flexions ou exp\u00e9riences en anglais<\/strong>, cela ne constitue aucun obstacle. L\u2019essentiel de la transmission repose sur la <strong data-start=\"1127\" data-end=\"1195\">clart\u00e9 de la compr\u00e9hension et l\u2019int\u00e9gration int\u00e9rieure du savoir<\/strong>, et vous pourrez <strong data-start=\"1213\" data-end=\"1288\">\u00e9tudier le Jyotish sous la guidance directe de Gaurav Dave, en fran\u00e7ais<\/strong>.<\/p>\n<p data-start=\"1291\" data-end=\"1654\">Cette formation vise une <strong data-start=\"1316\" data-end=\"1364\">transmission fid\u00e8le et structur\u00e9e du Jyotish<\/strong>, \u00e0 la fois comme <strong data-start=\"1382\" data-end=\"1443\">science traditionnelle de la connaissance du temps (K\u0101la)<\/strong> et comme <strong data-start=\"1453\" data-end=\"1512\">voie spirituelle de compr\u00e9hension du karma et du dharma<\/strong>. Les enseignements sont transmis avec rigueur acad\u00e9mique, profondeur et discernement, tout en restant accessibles aux \u00e9tudiants francophones.<\/p>\n<p data-start=\"1656\" data-end=\"1907\">La formation s\u2019adresse aussi bien aux <strong data-start=\"1694\" data-end=\"1715\">d\u00e9butants s\u00e9rieux<\/strong> qu\u2019aux <strong data-start=\"1723\" data-end=\"1758\">\u00e9tudiants avanc\u00e9s et praticiens<\/strong>, d\u00e9sireux d\u2019approfondir leur compr\u00e9hension spirituelle et acad\u00e9mique de l\u2019astrologie v\u00e9dique dans un cadre respectueux, authentique et personnalis\u00e9.<\/p>\n<p data-start=\"1909\" data-end=\"2129\">\ud83d\udc49 <strong data-start=\"1912\" data-end=\"2129\">Vous pouvez \u00e9galement d\u00e9couvrir plusieurs le\u00e7ons vid\u00e9o gratuites sur notre cha\u00eene <a href=\"https:\/\/www.youtube.com\/channel\/UCjlLL93qZG4CNtPm-9id5cw\" target=\"_blank\" rel=\"noopener\"><span style=\"color: #800000;\">YouTube<\/span><\/a>. Nous vous invitons \u00e0 les consulter afin de vous familiariser avec l\u2019approche, la p\u00e9dagogie et l\u2019esprit de la transmission.<\/strong><\/p>\n<hr \/>\n<h2 data-start=\"171\" data-end=\"218\">\ud83c\udf1f Apprendre l\u2019Astrologie Indienne (Jyotish)<\/h2>\n<p data-start=\"220\" data-end=\"402\">D\u00e9couvrez une <strong data-start=\"234\" data-end=\"288\">formation compl\u00e8te en astrologie v\u00e9dique (Jyotish)<\/strong>, con\u00e7ue pour transmettre une compr\u00e9hension profonde, pratique et authentique de cette science ancienne de l\u2019Inde.<\/p>\n<hr data-start=\"404\" data-end=\"407\" \/>\n<h2 data-start=\"409\" data-end=\"439\">\ud83c\udfaf Objectif de la formation<\/h2>\n<ul data-start=\"440\" data-end=\"710\">\n<li data-start=\"440\" data-end=\"518\">\n<p data-start=\"442\" data-end=\"518\">Offrir une <strong data-start=\"453\" data-end=\"491\">approche structur\u00e9e et progressive<\/strong> de l\u2019astrologie indienne<\/p>\n<\/li>\n<li data-start=\"519\" data-end=\"623\">\n<p data-start=\"521\" data-end=\"623\">Permettre \u00e0 l\u2019apprenant de <strong data-start=\"548\" data-end=\"606\">lire, analyser et interpr\u00e9ter des th\u00e8mes astrologiques<\/strong> avec confiance<\/p>\n<\/li>\n<li data-start=\"624\" data-end=\"710\">\n<p data-start=\"626\" data-end=\"710\">D\u00e9velopper une vision \u00e0 la fois <strong data-start=\"658\" data-end=\"697\">technique, intuitive et spirituelle<\/strong> de Jyotish<\/p>\n<\/li>\n<\/ul>\n<hr data-start=\"712\" data-end=\"715\" \/>\n<h2 data-start=\"717\" data-end=\"742\">\ud83d\udcda Contenu p\u00e9dagogique<\/h2>\n<ul data-start=\"743\" data-end=\"1017\">\n<li data-start=\"743\" data-end=\"804\">\n<p data-start=\"745\" data-end=\"804\">\u00c9tude des <strong data-start=\"755\" data-end=\"804\">fondements classiques de l\u2019astrologie v\u00e9dique<\/strong><\/p>\n<\/li>\n<li data-start=\"805\" data-end=\"857\">\n<p data-start=\"807\" data-end=\"857\">Concepts de base jusqu\u2019aux <strong data-start=\"834\" data-end=\"857\">techniques avanc\u00e9es<\/strong><\/p>\n<\/li>\n<li data-start=\"858\" data-end=\"936\">\n<p data-start=\"860\" data-end=\"936\">Explications claires appuy\u00e9es par des <strong data-start=\"898\" data-end=\"936\">exemples concrets et \u00e9tudes de cas<\/strong><\/p>\n<\/li>\n<li data-start=\"937\" data-end=\"1017\">\n<p data-start=\"939\" data-end=\"1017\">Acc\u00e8s \u00e0 des <strong data-start=\"951\" data-end=\"986\">articles et vid\u00e9os p\u00e9dagogiques<\/strong> pour faciliter l\u2019apprentissage<\/p>\n<\/li>\n<\/ul>\n<p data-start=\"0\" data-end=\"123\">Le cours est con\u00e7u sur la base des <strong data-start=\"35\" data-end=\"110\">enseignements transmis par les Maharshis, Rishis et ma\u00eetres l\u00e9gendaires<\/strong>, notamment :<\/p>\n<p data-start=\"125\" data-end=\"286\">\u2666 <strong data-start=\"127\" data-end=\"149\">Maharshi Parashara<\/strong><br data-start=\"149\" data-end=\"152\" \/>\u2666 <strong data-start=\"154\" data-end=\"175\">Maharishi Jaimini<\/strong><br data-start=\"175\" data-end=\"178\" \/>\u2666 <strong data-start=\"180\" data-end=\"200\">Muni Satyacharya<\/strong><br data-start=\"200\" data-end=\"203\" \/>\u2666 <strong data-start=\"205\" data-end=\"227\">Shri Varaha Mihira<\/strong><br data-start=\"227\" data-end=\"230\" \/>\u2666 <strong data-start=\"232\" data-end=\"257\">Shri Venkatesh Sharma<\/strong><br data-start=\"257\" data-end=\"260\" \/>\u2666 <strong data-start=\"262\" data-end=\"284\">Shri Kalyana Verma<\/strong><\/p>\n<p data-start=\"288\" data-end=\"440\" data-is-last-node=\"\" data-is-only-node=\"\">Ces enseignements classiques constituent le <strong data-start=\"332\" data-end=\"387\">socle authentique de l\u2019astrologie v\u00e9dique (Jyotish)<\/strong> et assurent une transmission fid\u00e8le de la tradition.<\/p>\n<hr data-start=\"1019\" data-end=\"1022\" \/>\n<h2 data-start=\"1024\" data-end=\"1046\">\ud83d\udd2d Domaines abord\u00e9s<\/h2>\n<ul data-start=\"1047\" data-end=\"1384\">\n<li data-start=\"1047\" data-end=\"1089\">\n<p data-start=\"1049\" data-end=\"1089\">\ud83e\ude90 <strong data-start=\"1052\" data-end=\"1062\">Jataka<\/strong> \u2013 analyse du th\u00e8me natal<\/p>\n<\/li>\n<li data-start=\"1090\" data-end=\"1138\">\n<p data-start=\"1092\" data-end=\"1138\">\u23f3 <strong data-start=\"1094\" data-end=\"1105\">Muhurta<\/strong> \u2013 choix des moments favorables<\/p>\n<\/li>\n<li data-start=\"1139\" data-end=\"1182\">\n<p data-start=\"1141\" data-end=\"1182\">\ud83d\udcc6 <strong data-start=\"1144\" data-end=\"1157\">Varshphal<\/strong> \u2013 pr\u00e9visions annuelles<\/p>\n<\/li>\n<li data-start=\"1183\" data-end=\"1236\">\n<p data-start=\"1185\" data-end=\"1236\">\ud83d\udc8d <strong data-start=\"1188\" data-end=\"1205\">Kundali Milan<\/strong> \u2013 compatibilit\u00e9 et relations<\/p>\n<\/li>\n<li data-start=\"1237\" data-end=\"1293\">\n<p data-start=\"1239\" data-end=\"1293\">\u2753 <strong data-start=\"1241\" data-end=\"1252\">Prashna<\/strong> \u2013 r\u00e9ponses astrologiques aux questions<\/p>\n<\/li>\n<li data-start=\"1294\" data-end=\"1337\">\n<p data-start=\"1296\" data-end=\"1337\">\ud83e\udded <strong data-start=\"1299\" data-end=\"1335\">Vastu et orientations b\u00e9n\u00e9fiques<\/strong><\/p>\n<\/li>\n<li data-start=\"1338\" data-end=\"1384\">\n<p data-start=\"1340\" data-end=\"1384\">\ud83c\udf0d <strong data-start=\"1343\" data-end=\"1384\">Astrologie mondiale et \u00e9v\u00e9nementielle<\/strong><\/p>\n<\/li>\n<\/ul>\n<hr data-start=\"1386\" data-end=\"1389\" \/>\n<h2 data-start=\"1391\" data-end=\"1420\">\ud83e\udde0 M\u00e9thode d\u2019apprentissage<\/h2>\n<ul data-start=\"1421\" data-end=\"1664\">\n<li data-start=\"1421\" data-end=\"1503\">\n<p data-start=\"1423\" data-end=\"1503\">Progression <strong data-start=\"1435\" data-end=\"1460\">logique et structur\u00e9e<\/strong>, adapt\u00e9e aux d\u00e9butants comme aux avanc\u00e9s<\/p>\n<\/li>\n<li data-start=\"1504\" data-end=\"1593\">\n<p data-start=\"1506\" data-end=\"1593\">Apprentissage orient\u00e9 vers la <strong data-start=\"1536\" data-end=\"1560\">compr\u00e9hension r\u00e9elle<\/strong>, pas la m\u00e9morisation m\u00e9canique<\/p>\n<\/li>\n<li data-start=\"1594\" data-end=\"1664\">\n<p data-start=\"1596\" data-end=\"1664\">Mise en pratique r\u00e9guli\u00e8re pour renforcer la ma\u00eetrise des concepts<\/p>\n<\/li>\n<\/ul>\n<hr data-start=\"1666\" data-end=\"1669\" \/>\n<h2 data-start=\"1671\" data-end=\"1691\">\ud83d\udcbb Format &amp; acc\u00e8s<\/h2>\n<ul data-start=\"1692\" data-end=\"1914\">\n<li data-start=\"1692\" data-end=\"1732\">\n<p data-start=\"1694\" data-end=\"1732\">\ud83d\udcf9 <strong data-start=\"1697\" data-end=\"1732\">Vid\u00e9os accessibles \u00e0 la demande :\u00a0 t\u00e9l\u00e9chargeables<\/strong><\/p>\n<\/li>\n<li data-start=\"1733\" data-end=\"1779\">\n<p data-start=\"1735\" data-end=\"1779\">\ud83d\udcc4 <strong data-start=\"1738\" data-end=\"1779\">Supports p\u00e9dagogiques\u00a0<\/strong><\/p>\n<\/li>\n<li data-start=\"1780\" data-end=\"1837\">\n<p data-start=\"1782\" data-end=\"1837\">\u23f1 Apprentissage <strong data-start=\"1798\" data-end=\"1816\">\u00e0 votre rythme<\/strong>, o\u00f9 que vous soyez<\/p>\n<\/li>\n<li data-start=\"1838\" data-end=\"1914\">\n<p data-start=\"1840\" data-end=\"1914\">\ud83d\udcac Espaces d\u2019\u00e9change pour poser des questions et approfondir les notions<\/p>\n<\/li>\n<\/ul>\n<hr data-start=\"1916\" data-end=\"1919\" \/>\n<h2 data-start=\"1921\" data-end=\"1937\">\ud83c\udf0d Pour qui ?<\/h2>\n<ul data-start=\"1938\" data-end=\"2114\">\n<li data-start=\"1938\" data-end=\"1965\">\n<p data-start=\"1940\" data-end=\"1965\">Passionn\u00e9s d\u2019astrologie<\/p>\n<\/li>\n<li data-start=\"1966\" data-end=\"2016\">\n<p data-start=\"1968\" data-end=\"2016\">\u00c9tudiants en spiritualit\u00e9 et sciences v\u00e9diques<\/p>\n<\/li>\n<li data-start=\"2017\" data-end=\"2114\">\n<p data-start=\"2019\" data-end=\"2114\">Personnes souhaitant utiliser l\u2019astrologie pour <strong data-start=\"2067\" data-end=\"2114\">le d\u00e9veloppement personnel ou professionnel<\/strong><\/p>\n<\/li>\n<\/ul>\n<hr data-start=\"2116\" data-end=\"2119\" \/>\n<h2 data-start=\"2121\" data-end=\"2134\">\u2728 Finalit\u00e9<\/h2>\n<p data-start=\"2135\" data-end=\"2241\">\u00c0 l\u2019issue du parcours, l\u2019apprenant acquiert une <strong data-start=\"2183\" data-end=\"2220\">base solide en astrologie v\u00e9dique<\/strong>, lui permettant de :<\/p>\n<ul data-start=\"2242\" data-end=\"2407\">\n<li data-start=\"2242\" data-end=\"2281\">\n<p data-start=\"2244\" data-end=\"2281\">Comprendre les dynamiques karmiques<\/p>\n<\/li>\n<li data-start=\"2282\" data-end=\"2334\">\n<p data-start=\"2284\" data-end=\"2334\">Interpr\u00e9ter les cartes astrologiques avec clart\u00e9<\/p>\n<\/li>\n<li data-start=\"2335\" data-end=\"2407\">\n<p data-start=\"2337\" data-end=\"2407\">Utiliser Jyotish comme <strong data-start=\"2360\" data-end=\"2407\">outil de guidance et de connaissance de soi<\/strong><\/p>\n<\/li>\n<\/ul>\n<hr \/>\n<h2 data-start=\"0\" data-end=\"56\"><strong data-start=\"0\" data-end=\"56\">Cours en ligne d\u2019astrologie v\u00e9dique : tarifs &amp; dur\u00e9e<\/strong><\/h2>\n<p>&nbsp;<\/p>\n<h3 data-start=\"58\" data-end=\"95\">\ud83d\udcb3 Formules de paiement flexibles<\/h3>\n<p data-start=\"96\" data-end=\"179\">Des options de paiement adapt\u00e9es \u00e0 votre rythme et \u00e0 vos objectifs d\u2019apprentissage.<\/p>\n<h3 data-start=\"181\" data-end=\"211\">\ud83c\udf10 Acc\u00e8s et accompagnement<\/h3>\n<p data-start=\"212\" data-end=\"347\">L\u2019abonnement mensuel inclut l\u2019acc\u00e8s \u00e0 un <strong data-start=\"253\" data-end=\"293\">groupe priv\u00e9 WhatsApp <\/strong>pour les \u00e9changes, discussions et questions en ligne.<\/p>\n<h3 data-start=\"349\" data-end=\"384\">\ud83c\udfa5 Apprentissage \u00e0 votre rythme<\/h3>\n<ul data-start=\"385\" data-end=\"613\">\n<li data-start=\"385\" data-end=\"456\">\n<p data-start=\"387\" data-end=\"456\">Les formules longue dur\u00e9e offrent un <strong data-start=\"424\" data-end=\"453\">acc\u00e8s imm\u00e9diat aux vid\u00e9os<\/strong>.<\/p>\n<\/li>\n<li data-start=\"457\" data-end=\"543\">\n<p data-start=\"459\" data-end=\"543\">Possibilit\u00e9 de <strong data-start=\"474\" data-end=\"528\">passer aux niveaux suivants d\u00e8s que vous \u00eates pr\u00eat<\/strong>, sans d\u00e9lai.<\/p>\n<\/li>\n<li data-start=\"544\" data-end=\"613\">\n<p data-start=\"546\" data-end=\"613\">Id\u00e9al pour les apprenants motiv\u00e9s souhaitant progresser rapidement.<\/p>\n<\/li>\n<\/ul>\n<h3 data-start=\"615\" data-end=\"645\">\ud83c\udf93 Examens &amp; certification<\/h3>\n<ul data-start=\"646\" data-end=\"791\" data-is-last-node=\"\" data-is-only-node=\"\">\n<li data-start=\"646\" data-end=\"698\">\n<p data-start=\"648\" data-end=\"698\">Les <strong data-start=\"652\" data-end=\"695\">examens et certificats sont facultatifs<\/strong>.<\/p>\n<\/li>\n<li data-start=\"699\" data-end=\"791\" data-is-last-node=\"\">\n<p data-start=\"701\" data-end=\"791\" data-is-last-node=\"\">Toutefois, la <strong data-start=\"715\" data-end=\"759\">r\u00e9ussite de tous les examens est requise<\/strong> pour l\u2019obtention du certificat.<\/p>\n<h3 data-start=\"0\" data-end=\"39\"><strong data-start=\"0\" data-end=\"39\">Quatre options de cours disponibles<\/strong><\/h3>\n<ol data-start=\"41\" data-end=\"379\" data-is-last-node=\"\" data-is-only-node=\"\">\n<li data-start=\"41\" data-end=\"117\">\n<p data-start=\"44\" data-end=\"117\"><strong data-start=\"44\" data-end=\"64\">Option mensuelle<\/strong> : 3 heures de cours vid\u00e9o par mois = 18 \u20ac<\/p>\n<\/li>\n<li data-start=\"118\" data-end=\"202\">\n<p data-start=\"121\" data-end=\"202\"><strong data-start=\"121\" data-end=\"149\">Option mensuelle \u00e9tendue<\/strong> : 6 heures de cours vid\u00e9o par mois = 36 \u20ac<\/p>\n<\/li>\n<li data-start=\"203\" data-end=\"292\">\n<p data-start=\"206\" data-end=\"292\"><strong data-start=\"206\" data-end=\"226\">Forfait six mois<\/strong> : dur\u00e9e totale de 36 heures = 205 \u20ac <em data-start=\"273\" data-end=\"290\" data-is-only-node=\"\">(remise de 5 %)<\/em><\/p>\n<\/li>\n<li data-start=\"293\" data-end=\"379\" data-is-last-node=\"\">\n<p data-start=\"296\" data-end=\"379\" data-is-last-node=\"\"><strong data-start=\"296\" data-end=\"314\">Forfait annuel<\/strong> : dur\u00e9e totale de 72 heures = 389 \u20ac <em data-start=\"361\" data-end=\"379\" data-is-last-node=\"\" data-is-only-node=\"\">(remise de 10 %)<\/em><\/p>\n<\/li>\n<\/ol>\n<\/li>\n<\/ul>\n<h2 data-start=\"2131\" data-end=\"2276\">\ud83d\udc49 <strong data-start=\"2134\" data-end=\"2276\">Pour une pr\u00e9sentation compl\u00e8te du programme, veuillez consulter la page: <a href=\"https:\/\/www.sarvatobhadra.com\/indianastrology\/learn-indian-astrology\/\" target=\"_blank\" rel=\"noopener\">Learn Vedic Astrology online<\/a><\/strong><\/h2>\n<ul>\n<li>\n<p class=\"hs_heading\"><a href=\"https:\/\/www.sarvatobhadra.com\/learnindianastrolo\/testimonials\/\" target=\"_blank\" rel=\"noopener\"><strong>Astrology Course Testimonials<\/strong><\/a><\/p>\n<\/li>\n<li>\n<p class=\"hs_heading\"><a href=\"https:\/\/www.sarvatobhadra.com\/learnindianastrolo\/syllabus-jyotish\/\" target=\"_blank\" rel=\"noopener\"><b>Astrology Course Syllabus: Master Jyotish with Confidence<\/b><\/a><\/p>\n<\/li>\n<li><strong><a href=\"https:\/\/www.sarvatobhadra.com\/learnindianastrolo\/video-and-audio-lessons\/\" target=\"_blank\" rel=\"noopener\">Free Video Lessons<\/a><\/strong><\/li>\n<\/ul>\n","protected":false},"excerpt":{"rendered":"<p>Formation en astrologie v\u00e9dique (Jyotish) \u2013 Transmission authentique avec accompagnement en fran\u00e7ais Apprendre l&#8217;astrologie v\u00e9dique en ligne. La formation en Jyotish est enseign\u00e9e en langue anglaise, dans le respect des textes et de la tradition indienne. Toutefois, l\u2019accompagnement p\u00e9dagogique, les \u00e9changes et le suivi sont pleinement disponibles en fran\u00e7ais pour les participants francophones. Que vous [&hellip;]<\/p>\n","protected":false},"author":1,"featured_media":0,"parent":0,"menu_order":0,"comment_status":"closed","ping_status":"closed","template":"","meta":{"footnotes":""},"class_list":["post-75","page","type-page","status-publish","hentry"],"yoast_head":"<!-- This site is optimized with the Yoast SEO Premium plugin v23.3 (Yoast SEO v23.8) - https:\/\/yoast.com\/wordpress\/plugins\/seo\/ -->\n<title>Apprendre l&#039;astrologie v\u00e9dique en ligne - Sarvato Bhadra<\/title>\n<meta name=\"robots\" content=\"index, follow, max-snippet:-1, max-image-preview:large, max-video-preview:-1\" \/>\n<link rel=\"canonical\" href=\"https:\/\/www.sarvatobhadra.com\/french\/apprendre-lastrologie-vedique-en-ligne\/\" \/>\n<meta property=\"og:locale\" content=\"en_US\" \/>\n<meta property=\"og:type\" content=\"article\" \/>\n<meta property=\"og:title\" content=\"Apprendre l&#039;astrologie v\u00e9dique en ligne\" \/>\n<meta property=\"og:description\" content=\"Formation en astrologie v\u00e9dique (Jyotish) \u2013 Transmission authentique avec accompagnement en fran\u00e7ais Apprendre l&#8217;astrologie v\u00e9dique en ligne. La formation en Jyotish est enseign\u00e9e en langue anglaise, dans le respect des textes et de la tradition indienne. Toutefois, l\u2019accompagnement p\u00e9dagogique, les \u00e9changes et le suivi sont pleinement disponibles en fran\u00e7ais pour les participants francophones. Que vous [&hellip;]\" \/>\n<meta property=\"og:url\" content=\"https:\/\/www.sarvatobhadra.com\/french\/apprendre-lastrologie-vedique-en-ligne\/\" \/>\n<meta property=\"og:site_name\" content=\"Sarvato Bhadra\" \/>\n<meta property=\"article:modified_time\" content=\"2026-01-02T14:26:44+00:00\" \/>\n<meta name=\"twitter:card\" content=\"summary_large_image\" \/>\n<meta name=\"twitter:label1\" content=\"Est. reading time\" \/>\n\t<meta name=\"twitter:data1\" content=\"4 minutes\" \/>\n<script type=\"application\/ld+json\" class=\"yoast-schema-graph\">{\"@context\":\"https:\/\/schema.org\",\"@graph\":[{\"@type\":\"WebPage\",\"@id\":\"https:\/\/www.sarvatobhadra.com\/french\/apprendre-lastrologie-vedique-en-ligne\/\",\"url\":\"https:\/\/www.sarvatobhadra.com\/french\/apprendre-lastrologie-vedique-en-ligne\/\",\"name\":\"Apprendre l'astrologie v\u00e9dique en ligne - Sarvato Bhadra\",\"isPartOf\":{\"@id\":\"https:\/\/www.sarvatobhadra.com\/french\/#website\"},\"datePublished\":\"2025-12-30T14:31:25+00:00\",\"dateModified\":\"2026-01-02T14:26:44+00:00\",\"breadcrumb\":{\"@id\":\"https:\/\/www.sarvatobhadra.com\/french\/apprendre-lastrologie-vedique-en-ligne\/#breadcrumb\"},\"inLanguage\":\"en-US\",\"potentialAction\":[{\"@type\":\"ReadAction\",\"target\":[\"https:\/\/www.sarvatobhadra.com\/french\/apprendre-lastrologie-vedique-en-ligne\/\"]}]},{\"@type\":\"BreadcrumbList\",\"@id\":\"https:\/\/www.sarvatobhadra.com\/french\/apprendre-lastrologie-vedique-en-ligne\/#breadcrumb\",\"itemListElement\":[{\"@type\":\"ListItem\",\"position\":1,\"name\":\"Home\",\"item\":\"https:\/\/www.sarvatobhadra.com\/french\/\"},{\"@type\":\"ListItem\",\"position\":2,\"name\":\"Apprendre l&#8217;astrologie v\u00e9dique en ligne\"}]},{\"@type\":\"WebSite\",\"@id\":\"https:\/\/www.sarvatobhadra.com\/french\/#website\",\"url\":\"https:\/\/www.sarvatobhadra.com\/french\/\",\"name\":\"Sarvato Bhadra\",\"description\":\"\",\"potentialAction\":[{\"@type\":\"SearchAction\",\"target\":{\"@type\":\"EntryPoint\",\"urlTemplate\":\"https:\/\/www.sarvatobhadra.com\/french\/?s={search_term_string}\"},\"query-input\":{\"@type\":\"PropertyValueSpecification\",\"valueRequired\":true,\"valueName\":\"search_term_string\"}}],\"inLanguage\":\"en-US\"}]}<\/script>\n<!-- \/ Yoast SEO Premium plugin. -->","yoast_head_json":{"title":"Apprendre l'astrologie v\u00e9dique en ligne - Sarvato Bhadra","robots":{"index":"index","follow":"follow","max-snippet":"max-snippet:-1","max-image-preview":"max-image-preview:large","max-video-preview":"max-video-preview:-1"},"canonical":"https:\/\/www.sarvatobhadra.com\/french\/apprendre-lastrologie-vedique-en-ligne\/","og_locale":"en_US","og_type":"article","og_title":"Apprendre l'astrologie v\u00e9dique en ligne","og_description":"Formation en astrologie v\u00e9dique (Jyotish) \u2013 Transmission authentique avec accompagnement en fran\u00e7ais Apprendre l&#8217;astrologie v\u00e9dique en ligne. La formation en Jyotish est enseign\u00e9e en langue anglaise, dans le respect des textes et de la tradition indienne. Toutefois, l\u2019accompagnement p\u00e9dagogique, les \u00e9changes et le suivi sont pleinement disponibles en fran\u00e7ais pour les participants francophones. Que vous [&hellip;]","og_url":"https:\/\/www.sarvatobhadra.com\/french\/apprendre-lastrologie-vedique-en-ligne\/","og_site_name":"Sarvato Bhadra","article_modified_time":"2026-01-02T14:26:44+00:00","twitter_card":"summary_large_image","twitter_misc":{"Est. reading time":"4 minutes"},"schema":{"@context":"https:\/\/schema.org","@graph":[{"@type":"WebPage","@id":"https:\/\/www.sarvatobhadra.com\/french\/apprendre-lastrologie-vedique-en-ligne\/","url":"https:\/\/www.sarvatobhadra.com\/french\/apprendre-lastrologie-vedique-en-ligne\/","name":"Apprendre l'astrologie v\u00e9dique en ligne - Sarvato Bhadra","isPartOf":{"@id":"https:\/\/www.sarvatobhadra.com\/french\/#website"},"datePublished":"2025-12-30T14:31:25+00:00","dateModified":"2026-01-02T14:26:44+00:00","breadcrumb":{"@id":"https:\/\/www.sarvatobhadra.com\/french\/apprendre-lastrologie-vedique-en-ligne\/#breadcrumb"},"inLanguage":"en-US","potentialAction":[{"@type":"ReadAction","target":["https:\/\/www.sarvatobhadra.com\/french\/apprendre-lastrologie-vedique-en-ligne\/"]}]},{"@type":"BreadcrumbList","@id":"https:\/\/www.sarvatobhadra.com\/french\/apprendre-lastrologie-vedique-en-ligne\/#breadcrumb","itemListElement":[{"@type":"ListItem","position":1,"name":"Home","item":"https:\/\/www.sarvatobhadra.com\/french\/"},{"@type":"ListItem","position":2,"name":"Apprendre l&#8217;astrologie v\u00e9dique en ligne"}]},{"@type":"WebSite","@id":"https:\/\/www.sarvatobhadra.com\/french\/#website","url":"https:\/\/www.sarvatobhadra.com\/french\/","name":"Sarvato Bhadra","description":"","potentialAction":[{"@type":"SearchAction","target":{"@type":"EntryPoint","urlTemplate":"https:\/\/www.sarvatobhadra.com\/french\/?s={search_term_string}"},"query-input":{"@type":"PropertyValueSpecification","valueRequired":true,"valueName":"search_term_string"}}],"inLanguage":"en-US"}]}},"_links":{"self":[{"href":"https:\/\/www.sarvatobhadra.com\/french\/wp-json\/wp\/v2\/pages\/75","targetHints":{"allow":["GET"]}}],"collection":[{"href":"https:\/\/www.sarvatobhadra.com\/french\/wp-json\/wp\/v2\/pages"}],"about":[{"href":"https:\/\/www.sarvatobhadra.com\/french\/wp-json\/wp\/v2\/types\/page"}],"author":[{"embeddable":true,"href":"https:\/\/www.sarvatobhadra.com\/french\/wp-json\/wp\/v2\/users\/1"}],"replies":[{"embeddable":true,"href":"https:\/\/www.sarvatobhadra.com\/french\/wp-json\/wp\/v2\/comments?post=75"}],"version-history":[{"count":8,"href":"https:\/\/www.sarvatobhadra.com\/french\/wp-json\/wp\/v2\/pages\/75\/revisions"}],"predecessor-version":[{"id":89,"href":"https:\/\/www.sarvatobhadra.com\/french\/wp-json\/wp\/v2\/pages\/75\/revisions\/89"}],"wp:attachment":[{"href":"https:\/\/www.sarvatobhadra.com\/french\/wp-json\/wp\/v2\/media?parent=75"}],"curies":[{"name":"wp","href":"https:\/\/api.w.org\/{rel}","templated":true}]}}